{"id":6162,"date":"2022-04-13T15:43:34","date_gmt":"2022-04-13T13:43:34","guid":{"rendered":"https:\/\/alarme-grandest.com\/?page_id=6162"},"modified":"2023-08-04T16:00:03","modified_gmt":"2023-08-04T14:00:03","slug":"mentions-legales","status":"publish","type":"page","link":"https:\/\/www.alarme-grandest.com\/index.php\/mentions-legales\/","title":{"rendered":"Mentions l\u00e9gales"},"content":{"rendered":"<section class=\"l-section wpb_row height_huge color_primary with_img\"><div class=\"l-section-img\" data-img-width=\"1920\" data-img-height=\"803\" style=\"background-image: url(https:\/\/www.alarme-grandest.com\/wp-content\/uploads\/2022\/04\/hh-1.jpg);background-repeat: no-repeat;\"><\/div><div class=\"l-section-overlay\" style=\"background:rgba(10,10,10,0.32)\"><\/div><div class=\"l-section-h i-cf\"><div class=\"g-cols vc_row via_flex valign_top type_default stacking_default\"><div class=\"vc_col-sm-12 wpb_column vc_column_container\"><div class=\"vc_column-inner\"><div class=\"wpb_wrapper\">[vc_custom_heading text=\u00a0\u00bbMentions l\u00e9gales\u00a0\u00bb font_container=\u00a0\u00bbtag:h1|font_size:60px|text_align:left|color:%23ffffff|line_height:60px\u00a0\u00bb google_fonts=\u00a0\u00bbfont_family:Oswald%3A300%2Cregular%2C700|font_style:700%20bold%20regular%3A700%3Anormal\u00a0\u00bb]<\/div><\/div><\/div><\/div><\/div><\/section><section class=\"l-section wpb_row height_medium\"><div class=\"l-section-h i-cf\"><div class=\"g-cols vc_row via_flex valign_top type_default stacking_default\"><div class=\"vc_col-sm-12 wpb_column vc_column_container\"><div class=\"vc_column-inner\"><div class=\"wpb_wrapper\"><div class=\"wpb_text_column\"><div class=\"wpb_wrapper\"><div class=\"elementor-element elementor-element-5438e02 elementor-widget elementor-widget-text-editor\" data-id=\"5438e02\" data-element_type=\"widget\" data-widget_type=\"text-editor.default\">\n<div class=\"elementor-widget-container\">\n<div class=\"elementor-text-editor elementor-clearfix\">\n<h4>Informations l\u00e9gales<\/h4>\n<p>Conform\u00e9ment aux dispositions des articles 6-III et 19 de la loi pour la Confiance dans l\u2019\u00c9conomie Num\u00e9rique, nous vous informons que :<\/p>\n<p>Le pr\u00e9sent site web est \u00e9dit\u00e9 par :<\/p>\n<ul>\n<li><sup>Alarme grandest\u00ae<\/sup><\/li>\n<\/ul>\n<\/div>\n<div class=\"elementor-text-editor elementor-clearfix\">\n<p>Adresse de courrier \u00e9lectronique : contact@alarme-grandest.com<br \/>\nNum\u00e9ro Siret :<\/p>\n<p>Responsable de la publication du site web \u00abwww.alarme-grandest.com\u00bb : <a href=\"https:\/\/www.mathisfermaud.com\/\">Mathis Graphiste\u00a0<\/a>(Conception, r\u00e9alisation)<\/p>\n<p>Le site est h\u00e9berg\u00e9 en France sur les serveurs de la soci\u00e9t\u00e9\u00a0:<\/p>\n<p>H\u00e9bergeur : OVH<br \/>\nSoci\u00e9t\u00e9 : OVH<br \/>\nAdresse web : www.ovh.com<br \/>\nAdresse Postale :<br \/>\n2, rue Kellermann<br \/>\nBP 80157<br \/>\n59053 ROUBAIX cedex 1<br \/>\nT\u00e9l\u00e9phone : +33 (0)8 203 203 63<br \/>\nAdresse \u00e9lectronique (E-Mail)\u00a0: support@ovh.com<\/p>\n<p>&nbsp;<\/p>\n<h4>Limitation de responsabilit\u00e9<\/h4>\n<p>L\u2019utilisateur reconna\u00eet avoir pris connaissance des pr\u00e9sentes conditions d\u2019utilisation et s\u2019engage \u00e0 les respecter.<\/p>\n<p>L\u2019utilisateur du site internet \u00ab www.alarme-grandest.com \u00bb reconna\u00eet disposer de la comp\u00e9tence et des moyens n\u00e9cessaires pour acc\u00e9der et utiliser ce site.<\/p>\n<p>L\u2019utilisateur du site internet \u00ab www.alarme-grandest.com \u00bb reconna\u00eet avoir v\u00e9rifi\u00e9 que la configuration informatique utilis\u00e9e ne contient aucun virus et qu\u2019elle est en parfait \u00e9tat de fonctionnement.<\/p>\n<p><sup>Alarme grandest\u00ae<\/sup>met tout en \u0153uvre pour offrir aux utilisateurs des informations et\/ou des outils disponibles et v\u00e9rifi\u00e9s mais ne saurait \u00eatre tenue pour responsable des erreurs, d\u2019une absence de disponibilit\u00e9 des fonctionnalit\u00e9s et\/ou de la pr\u00e9sence de virus sur son site.<\/p>\n<p>Les informations fournies par <sup>Alarme grandest\u00ae<\/sup> le sont \u00e0 titre indicatif et ne sauraient dispenser l\u2019utilisateur d\u2019une analyse compl\u00e9mentaire et personnalis\u00e9e.<\/p>\n<p><sup>Alarme grandest\u00ae<\/sup> ne saurait garantir l\u2019exactitude, la compl\u00e9tude, l\u2019actualit\u00e9 des informations diffus\u00e9es sur son site.<\/p>\n<p>En cons\u00e9quence, l\u2019utilisateur reconna\u00eet utiliser ces informations sous sa responsabilit\u00e9 exclusive.<\/p>\n<p>&nbsp;<\/p>\n<h4>Informatique et Libert\u00e9s<\/h4>\n<p>Les traitements automatis\u00e9s de donn\u00e9es nominatives r\u00e9alis\u00e9s \u00e0 partir du site web \u00ab www.alarme-grandest.com \u00bb ont \u00e9t\u00e9 trait\u00e9s en conformit\u00e9 avec les exigences de la loi n\u00b0 78-17 du 6 janvier 1978 modifi\u00e9e, relative \u00e0 l\u2019informatique, aux fichiers et aux libert\u00e9s.<\/p>\n<p>L\u2019utilisateur est notamment inform\u00e9 que conform\u00e9ment \u00e0 l\u2019article 32 de la loi n\u00b0\u00a078-17 du 6 janvier\u00a01978 modifi\u00e9e, relative \u00e0 l\u2019informatique, aux fichiers et aux libert\u00e9s, les informations qu\u2019il communique par le biais des formulaires pr\u00e9sents sur le site sont n\u00e9cessaires pour r\u00e9pondre \u00e0 sa demande et sont destin\u00e9es au responsable du traitement \u00e0 des fins de gestion administrative et commerciale.<\/p>\n<p>L\u2019utilisateur est inform\u00e9 qu\u2019il dispose d\u2019un droit d\u2019acc\u00e8s, d\u2019interrogation et de rectification qui lui permet, le cas \u00e9ch\u00e9ant, de faire rectifier, compl\u00e9ter, mettre \u00e0 jour, verrouiller ou effacer les donn\u00e9es personnelles le concernant qui sont inexactes, incompl\u00e8tes, \u00e9quivoques, p\u00e9rim\u00e9es ou dont la collecte, l\u2019utilisation, la communication ou la conservation est interdite.<\/p>\n<p>L\u2019utilisateur dispose \u00e9galement d\u2019un droit d\u2019opposition au traitement de ses donn\u00e9es pour des motifs l\u00e9gitimes ainsi qu\u2019un droit d\u2019opposition \u00e0 ce que ces donn\u00e9es soient utilis\u00e9es \u00e0 des fins de prospection commerciale.<\/p>\n<p>L\u2019ensemble de ces droits s\u2019exerce aupr\u00e8s de <sup>Alarme grandest\u00ae<\/sup> par courrier accompagn\u00e9 d\u2019une copie d\u2019un titre d\u2019identit\u00e9 comportant une signature \u00e0 adresser \u00e0 contact@alarme-grandest.com<\/p>\n<p>&nbsp;<\/p>\n<h4>Cookies<\/h4>\n<p>L\u2019utilisateur est inform\u00e9 que lors de ses visites sur le site, un cookie peut s\u2019installer automatiquement sur son logiciel de navigation.<\/p>\n<p>Le cookie est un bloc de donn\u00e9es qui ne permet pas d\u2019identifier les utilisateurs mais sert \u00e0 enregistrer des informations relatives \u00e0 la navigation de celui-ci sur le site.<\/p>\n<p>Le param\u00e9trage du logiciel de navigation permet d\u2019informer de la pr\u00e9sence de cookie et \u00e9ventuellement, de la refuser de la mani\u00e8re d\u00e9crite \u00e0 l\u2019adresse suivante : www.cnil.fr.<\/p>\n<p>L\u2019utilisateur dispose de l\u2019ensemble des droits susvis\u00e9s s\u2019agissant des donn\u00e9es \u00e0 caract\u00e8re personnel communiqu\u00e9es par le biais des cookies dans les conditions indiqu\u00e9es ci-dessus.<\/p>\n<p>Les utilisateurs du site internet \u00ab www.alarme-grandest.com\u00bb sont tenus de respecter les dispositions de la loi n\u00b0 78-17 du 6 janvier 1978 modifi\u00e9e, relative \u00e0 l\u2019informatique, aux fichiers et aux libert\u00e9s, dont la violation est passible de sanctions p\u00e9nales.<\/p>\n<p>Ils doivent notamment s\u2019abstenir, s\u2019agissant des informations \u00e0 caract\u00e8re personnel auxquelles ils acc\u00e8dent ou pourraient acc\u00e9der, de toute collecte, de toute utilisation d\u00e9tourn\u00e9e d\u2019une mani\u00e8re g\u00e9n\u00e9rale, de tout acte susceptible de porter atteinte \u00e0 la vie priv\u00e9e ou \u00e0 la r\u00e9putation des personnes.<\/p>\n<p>&nbsp;<\/p>\n<h4>Protection des donn\u00e9es personnelles<\/h4>\n<p>Soucieux de prot\u00e9ger la vie priv\u00e9e de ses clients, <sup>Alarme grandest\u00ae<\/sup> s\u2019engage dans la protection des donn\u00e9es personnelles. La pr\u00e9sente Charte a pour objet de rappeler nos principes et nos actions visant au respect de la r\u00e9glementation applicable en mati\u00e8re de protection des donn\u00e9es \u00e0 caract\u00e8re personnel.<\/p>\n<h4>Propri\u00e9t\u00e9 intellectuelle<\/h4>\n<p>La structure g\u00e9n\u00e9rale ainsi que les logiciels, textes, images anim\u00e9es ou non, son savoir-faire et tous les autres \u00e9l\u00e9ments composant le site sont la propri\u00e9t\u00e9 exclusive de <sup>Alarme grandest\u00ae<\/sup>, y compris tous documents t\u00e9l\u00e9chargeables sur le site.<\/p>\n<p>Toute repr\u00e9sentation totale ou partielle de ce site par quelle que personne que ce soit, sans l\u2019autorisation expresse de <sup>Alarme grandest\u00ae<\/sup> est interdite et constituerait une contrefa\u00e7on sanctionn\u00e9e par les articles L. 335-2 et suivants du Code de la propri\u00e9t\u00e9 intellectuelle.<\/p>\n<p>Il en est de m\u00eame des bases de donn\u00e9es figurant, le cas \u00e9ch\u00e9ant sur le site web qui sont prot\u00e9g\u00e9es par les dispositions de la loi du 1er juillet 1998 portant transposition dans le Code de la propri\u00e9t\u00e9 intellectuelle de la directive du 11 mars 1996 relative \u00e0 la protection juridique des bases de donn\u00e9es, et dont <sup>Alarme grandest\u00ae<\/sup> est producteur.<\/p>\n<p>Toute reproduction totale ou partielle de la conception visuelle, du texte fournit, de son programme p\u00e9dagogique et de ses logos effectu\u00e9s \u00e0 partir des \u00e9l\u00e9ments du site sans l\u2019autorisation expresse de <sup>Alarme grandest\u00ae<\/sup> est donc prohib\u00e9e au sens du Code de la propri\u00e9t\u00e9 intellectuelle.<\/p>\n<p><sup>Alarme grandest\u00ae<\/sup> ne saurait \u00eatre responsable de l\u2019acc\u00e8s par les utilisateurs via les liens hypertextes mis en place dans le cadre du site internet en direction d\u2019autres ressources pr\u00e9sentes sur le r\u00e9seau.<\/p>\n<p>Tout litige en relation avec l\u2019utilisation du site \u00ab www.alarme-grandest.com\u00bb est soumis au droit fran\u00e7ais. L\u2019utilisateur reconna\u00eet la comp\u00e9tence exclusive des tribunaux comp\u00e9tents.<\/p>\n<\/div>\n<\/div>\n<\/div>\n<div class=\"elementor-element elementor-element-c4ddce6 elementor-widget elementor-widget-spacer\" data-id=\"c4ddce6\" data-element_type=\"widget\" data-widget_type=\"spacer.default\">\n<div class=\"elementor-widget-container\">\n<div class=\"elementor-spacer\"><\/div>\n<\/div>\n<\/div>\n<\/div><\/div><\/div><\/div><\/div><\/div><\/div><\/section>\n","protected":false},"excerpt":{"rendered":"[vc_custom_heading text=\"Mentions l\u00e9gales\" font_container=\"tag:h1|font_size:60px|text_align:left|color:%23ffffff|line_height:60px\" google_fonts=\"font_family:Oswald%3A300%2Cregular%2C700|font_style:700%20bold%20regular%3A700%3Anormal\"] Informations l\u00e9gales Conform\u00e9ment aux dispositions des articles 6-III et 19 de la loi pour la Confiance dans l\u2019\u00c9conomie Num\u00e9rique, nous vous informons que : Le pr\u00e9sent site web est \u00e9dit\u00e9 par : Alarme grandest\u00ae Adresse de courrier \u00e9lectronique : contact@alarme-grandest.com Num\u00e9ro Siret : Responsable de la publication du site web...","protected":false},"author":1,"featured_media":0,"parent":0,"menu_order":0,"comment_status":"closed","ping_status":"closed","template":"","meta":{"footnotes":""},"class_list":["post-6162","page","type-page","status-publish","hentry"],"yoast_head":"<!-- This site is optimized with the Yoast SEO plugin v27.4 - https:\/\/yoast.com\/product\/yoast-seo-wordpress\/ -->\n<title>Mentions l\u00e9gales -<\/title>\n<meta name=\"robots\" content=\"noindex, follow\" \/>\n<meta property=\"og:locale\" content=\"fr_FR\" \/>\n<meta property=\"og:type\" content=\"article\" \/>\n<meta property=\"og:title\" content=\"Mentions l\u00e9gales -\" \/>\n<meta property=\"og:url\" content=\"https:\/\/www.alarme-grandest.com\/index.php\/mentions-legales\/\" \/>\n<meta property=\"article:modified_time\" content=\"2023-08-04T14:00:03+00:00\" \/>\n<meta name=\"twitter:card\" content=\"summary_large_image\" \/>\n<meta name=\"twitter:label1\" content=\"Dur\u00e9e de lecture estim\u00e9e\" \/>\n\t<meta name=\"twitter:data1\" content=\"5 minutes\" \/>\n<script type=\"application\/ld+json\" class=\"yoast-schema-graph\">{\"@context\":\"https:\\\/\\\/schema.org\",\"@graph\":[{\"@type\":\"WebPage\",\"@id\":\"https:\\\/\\\/www.alarme-grandest.com\\\/index.php\\\/mentions-legales\\\/\",\"url\":\"https:\\\/\\\/www.alarme-grandest.com\\\/index.php\\\/mentions-legales\\\/\",\"name\":\"Mentions l\u00e9gales -\",\"isPartOf\":{\"@id\":\"https:\\\/\\\/www.alarme-grandest.com\\\/#website\"},\"datePublished\":\"2022-04-13T13:43:34+00:00\",\"dateModified\":\"2023-08-04T14:00:03+00:00\",\"breadcrumb\":{\"@id\":\"https:\\\/\\\/www.alarme-grandest.com\\\/index.php\\\/mentions-legales\\\/#breadcrumb\"},\"inLanguage\":\"fr-FR\",\"potentialAction\":[{\"@type\":\"ReadAction\",\"target\":[\"https:\\\/\\\/www.alarme-grandest.com\\\/index.php\\\/mentions-legales\\\/\"]}]},{\"@type\":\"BreadcrumbList\",\"@id\":\"https:\\\/\\\/www.alarme-grandest.com\\\/index.php\\\/mentions-legales\\\/#breadcrumb\",\"itemListElement\":[{\"@type\":\"ListItem\",\"position\":1,\"name\":\"Accueil\",\"item\":\"https:\\\/\\\/www.alarme-grandest.com\\\/\"},{\"@type\":\"ListItem\",\"position\":2,\"name\":\"Mentions l\u00e9gales\"}]},{\"@type\":\"WebSite\",\"@id\":\"https:\\\/\\\/www.alarme-grandest.com\\\/#website\",\"url\":\"https:\\\/\\\/www.alarme-grandest.com\\\/\",\"name\":\"\",\"description\":\"\",\"potentialAction\":[{\"@type\":\"SearchAction\",\"target\":{\"@type\":\"EntryPoint\",\"urlTemplate\":\"https:\\\/\\\/www.alarme-grandest.com\\\/?s={search_term_string}\"},\"query-input\":{\"@type\":\"PropertyValueSpecification\",\"valueRequired\":true,\"valueName\":\"search_term_string\"}}],\"inLanguage\":\"fr-FR\"}]}<\/script>\n<!-- \/ Yoast SEO plugin. -->","yoast_head_json":{"title":"Mentions l\u00e9gales -","robots":{"index":"noindex","follow":"follow"},"og_locale":"fr_FR","og_type":"article","og_title":"Mentions l\u00e9gales -","og_url":"https:\/\/www.alarme-grandest.com\/index.php\/mentions-legales\/","article_modified_time":"2023-08-04T14:00:03+00:00","twitter_card":"summary_large_image","twitter_misc":{"Dur\u00e9e de lecture estim\u00e9e":"5 minutes"},"schema":{"@context":"https:\/\/schema.org","@graph":[{"@type":"WebPage","@id":"https:\/\/www.alarme-grandest.com\/index.php\/mentions-legales\/","url":"https:\/\/www.alarme-grandest.com\/index.php\/mentions-legales\/","name":"Mentions l\u00e9gales -","isPartOf":{"@id":"https:\/\/www.alarme-grandest.com\/#website"},"datePublished":"2022-04-13T13:43:34+00:00","dateModified":"2023-08-04T14:00:03+00:00","breadcrumb":{"@id":"https:\/\/www.alarme-grandest.com\/index.php\/mentions-legales\/#breadcrumb"},"inLanguage":"fr-FR","potentialAction":[{"@type":"ReadAction","target":["https:\/\/www.alarme-grandest.com\/index.php\/mentions-legales\/"]}]},{"@type":"BreadcrumbList","@id":"https:\/\/www.alarme-grandest.com\/index.php\/mentions-legales\/#breadcrumb","itemListElement":[{"@type":"ListItem","position":1,"name":"Accueil","item":"https:\/\/www.alarme-grandest.com\/"},{"@type":"ListItem","position":2,"name":"Mentions l\u00e9gales"}]},{"@type":"WebSite","@id":"https:\/\/www.alarme-grandest.com\/#website","url":"https:\/\/www.alarme-grandest.com\/","name":"","description":"","potentialAction":[{"@type":"SearchAction","target":{"@type":"EntryPoint","urlTemplate":"https:\/\/www.alarme-grandest.com\/?s={search_term_string}"},"query-input":{"@type":"PropertyValueSpecification","valueRequired":true,"valueName":"search_term_string"}}],"inLanguage":"fr-FR"}]}},"_links":{"self":[{"href":"https:\/\/www.alarme-grandest.com\/index.php\/wp-json\/wp\/v2\/pages\/6162","targetHints":{"allow":["GET"]}}],"collection":[{"href":"https:\/\/www.alarme-grandest.com\/index.php\/wp-json\/wp\/v2\/pages"}],"about":[{"href":"https:\/\/www.alarme-grandest.com\/index.php\/wp-json\/wp\/v2\/types\/page"}],"author":[{"embeddable":true,"href":"https:\/\/www.alarme-grandest.com\/index.php\/wp-json\/wp\/v2\/users\/1"}],"replies":[{"embeddable":true,"href":"https:\/\/www.alarme-grandest.com\/index.php\/wp-json\/wp\/v2\/comments?post=6162"}],"version-history":[{"count":2,"href":"https:\/\/www.alarme-grandest.com\/index.php\/wp-json\/wp\/v2\/pages\/6162\/revisions"}],"predecessor-version":[{"id":6868,"href":"https:\/\/www.alarme-grandest.com\/index.php\/wp-json\/wp\/v2\/pages\/6162\/revisions\/6868"}],"wp:attachment":[{"href":"https:\/\/www.alarme-grandest.com\/index.php\/wp-json\/wp\/v2\/media?parent=6162"}],"curies":[{"name":"wp","href":"https:\/\/api.w.org\/{rel}","templated":true}]}}